{"id":124,"date":"2014-10-13T14:38:12","date_gmt":"2014-10-13T13:38:12","guid":{"rendered":"http:\/\/unsa-administratifs.org\/?page_id=124"},"modified":"2024-02-06T09:35:56","modified_gmt":"2024-02-06T08:35:56","slug":"grilles-indiciaires","status":"publish","type":"page","link":"https:\/\/unsa-administratifs.org\/?page_id=124","title":{"rendered":"Grilles indiciaires"},"content":{"rendered":"<div>\n<div>\n<div class=\"page-article-content-title\">\n<h3 style=\"text-align: center;\">Cat\u00e9gorie C et B<\/h3>\n<p><span style=\"color: #339966;\"><a style=\"color: #339966;\" href=\"https:\/\/unsa-administratifs.org\/wp-content\/uploads\/2024\/02\/Grille-indiciaire-ADAAC-au-01-01-2024.pdf\"><strong><span style=\"color: #ff00ff;\">Grille indiciaire ADAAC au 01 01 2024<\/span><\/strong><\/a><\/span><\/p>\n<p><strong><a href=\"https:\/\/unsa-administratifs.org\/wp-content\/uploads\/2024\/02\/Grille-indiciaire-ASAAC-au-01-01-2024.pdf\"><span style=\"color: #ff00ff;\">Grille indiciaire ASAAC au 01 01 2024<\/span><\/a><\/strong><\/p>\n<hr \/>\n<p><a href=\"https:\/\/unsa-administratifs.org\/wp-content\/uploads\/2023\/07\/Grille-indiciaire-ADAAC-au-01-07-2023.pdf\"><strong><span style=\"color: #3366ff;\"><span style=\"color: #0000ff;\">Grille indiciaire ADAAC au 01 07 2023<\/span><\/span><\/strong><\/a><\/p>\n<p><span style=\"color: #0000ff;\"><strong><a style=\"color: #0000ff;\" href=\"https:\/\/unsa-administratifs.org\/wp-content\/uploads\/2023\/07\/Grille-indiciaire-ASAAC-au-01-07-2023.pdf\">Grille indiciaire ASAAC au 01 07 2023<\/a><\/strong><\/span><\/p>\n<hr \/>\n<\/div>\n<div>\n<div>\n<div class=\"page-article-content-text\">\n<p><span style=\"color: #ff0000;\"><strong><a style=\"color: #ff0000;\" href=\"https:\/\/unsa-administratifs.org\/wp-content\/uploads\/2022\/09\/Grille-indiciaire-ADAAC-au-01-07-2022-1.pdf\">Grille indiciaire ADAAC au 01 07 2022<\/a><\/strong><\/span><\/p>\n<p><b><span style=\"color: #ff0000;\"><a style=\"color: #ff0000;\" href=\"https:\/\/unsa-administratifs.org\/wp-content\/uploads\/2023\/03\/Grille-indiciaire-ASAAC-au-01-09-2022.pdf\">Grille indiciaire ASAAC au 01 09 2022<\/a><\/span><\/b><\/p>\n<hr \/>\n<p><span style=\"color: #ff9900;\"><a style=\"color: #ff9900;\" href=\"https:\/\/unsa-administratifs.org\/wp-content\/uploads\/2021\/12\/Grille-indiciaire-ADAAC-au-01-01-2022.pdf\"><strong>Grille indiciaire ADAAC au 01 01 2022<\/strong><\/a><\/span><\/p>\n<p><a href=\"https:\/\/unsa-administratifs.org\/wp-content\/uploads\/2021\/12\/Grille-indiciaire-ASAAC-au-01-01-2019-1.pdf\"><strong><span style=\"color: #ff9900;\">Grille indiciaire ASAAC au 01 01 2019<\/span><\/strong><\/a><\/p>\n<\/div>\n<\/div>\n<\/div>\n<\/div>\n<\/div>\n<div>\n<div><strong>Important<\/strong> : apr\u00e8s l&rsquo;op\u00e9ration de revalorisation au 01\/01\/2022 dans la grille indiciaire des adjoints d&rsquo;administration, <strong>une bonification exceptionnelle d&rsquo;anciennet\u00e9 d&rsquo;un an sera appliqu\u00e9e \u00e0 tous les agents des trois grades (acc\u00e9l\u00e9ration de carri\u00e8re d&rsquo;un an)<\/strong>.<\/div>\n<div><\/div>\n<\/div>\n<div>\n<hr \/>\n<\/div>\n<ul style=\"text-align: justify;\">\n<li><span style=\"text-decoration: underline;\">Pour information<\/span> :<\/li>\n<\/ul>\n<p style=\"text-align: justify;\">Valeur du point d&rsquo;indice depuis le <span style=\"color: #ff00ff;\">1er juillet 2023<\/span> :<\/p>\n<p style=\"text-align: center;\"><span style=\"text-decoration: underline; color: #ff0000;\"><strong>4,923 \u20ac<\/strong><\/span><\/p>\n<hr \/>\n<h3 style=\"text-align: center;\"><strong>ARCHIVES<\/strong><\/h3>\n<h4><strong>Grilles PPCR :<\/strong><\/h4>\n<ul>\n<li><strong>Toutes les mesures act\u00e9es dans le PPCR*<\/strong> par le gouvernement pr\u00e9c\u00e9dent sont <strong>report\u00e9es d&rsquo;un an \u00e0 compter du 01\/01\/2018<\/strong>. Les \u00e9volutions des grilles en 2018, 2019 et 2020 sont donc report\u00e9es en 2019, 2020 et 2021. Cette information est \u00e0 prendre lors de la lecture des tableaux dans les grilles indiciaires ci-dessous :<\/li>\n<\/ul>\n<p><a href=\"https:\/\/unsa-administratifs.org\/wp-content\/uploads\/2015\/12\/PPCR-grille-indiciaire-cat\u00e9gorie-C.pdf\">Grille indiciaire du PPCR pour les adjoints<\/a><\/p>\n<p><a href=\"https:\/\/unsa-administratifs.org\/wp-content\/uploads\/2015\/12\/PPCR-grille-indiciaire-cat\u00e9gorie-B.pdf\">Grille indiciaire du PPCR pour les assistants<\/a><\/p>\n<p>* <strong>P<\/strong>lan <strong>P<\/strong>arcours <strong>C<\/strong>arri\u00e8re <strong>R<\/strong>\u00e9mun\u00e9ration<\/p>\n<hr \/>\n<ul>\n<li>Pour information :<\/li>\n<\/ul>\n<p>Valeur du\u00a0 point d&rsquo;indice au 1er juillet 2016 :<\/p>\n<p><strong>4,65807 \u20ac<\/strong><\/p>\n","protected":false},"excerpt":{"rendered":"<p>Cat\u00e9gorie C et B Grille indiciaire ADAAC au 01 01 2024 Grille indiciaire ASAAC au 01 01 2024 Grille indiciaire ADAAC au 01 07 2023 Grille indiciaire ASAAC au 01 07 2023 Grille indiciaire ADAAC au 01 07 2022 Grille indiciaire ASAAC au 01 09 2022 Grille indiciaire ADAAC au 01 01 2022 Grille indiciaire &hellip; <a href=\"https:\/\/unsa-administratifs.org\/?page_id=124\" class=\"more-link\">Continuer la lecture de <span class=\"screen-reader-text\">Grilles indiciaires<\/span> <span class=\"meta-nav\">&rarr;<\/span><\/a><\/p>\n","protected":false},"author":3,"featured_media":0,"parent":0,"menu_order":0,"comment_status":"open","ping_status":"closed","template":"","meta":{"footnotes":""},"class_list":["post-124","page","type-page","status-publish","hentry"],"aioseo_notices":[],"_links":{"self":[{"href":"https:\/\/unsa-administratifs.org\/index.php?rest_route=\/wp\/v2\/pages\/124","targetHints":{"allow":["GET"]}}],"collection":[{"href":"https:\/\/unsa-administratifs.org\/index.php?rest_route=\/wp\/v2\/pages"}],"about":[{"href":"https:\/\/unsa-administratifs.org\/index.php?rest_route=\/wp\/v2\/types\/page"}],"author":[{"embeddable":true,"href":"https:\/\/unsa-administratifs.org\/index.php?rest_route=\/wp\/v2\/users\/3"}],"replies":[{"embeddable":true,"href":"https:\/\/unsa-administratifs.org\/index.php?rest_route=%2Fwp%2Fv2%2Fcomments&post=124"}],"version-history":[{"count":56,"href":"https:\/\/unsa-administratifs.org\/index.php?rest_route=\/wp\/v2\/pages\/124\/revisions"}],"predecessor-version":[{"id":3388,"href":"https:\/\/unsa-administratifs.org\/index.php?rest_route=\/wp\/v2\/pages\/124\/revisions\/3388"}],"wp:attachment":[{"href":"https:\/\/unsa-administratifs.org\/index.php?rest_route=%2Fwp%2Fv2%2Fmedia&parent=124"}],"curies":[{"name":"wp","href":"https:\/\/api.w.org\/{rel}","templated":true}]}}