{"id":1918,"date":"2018-09-24T10:16:16","date_gmt":"2018-09-24T08:16:16","guid":{"rendered":"http:\/\/unsa-administratifs.org\/?page_id=1918"},"modified":"2026-01-14T13:51:43","modified_gmt":"2026-01-14T12:51:43","slug":"adhesion","status":"publish","type":"page","link":"https:\/\/unsa-administratifs.org\/","title":{"rendered":"Adh\u00e9sion"},"content":{"rendered":"<p><img loading=\"lazy\" decoding=\"async\" class=\"size-medium wp-image-3380 aligncenter\" src=\"https:\/\/unsa-administratifs.org\/wp-content\/uploads\/2024\/01\/1706178577476-a989c730-d224-443b-afdb-b9d565e6077f_1-300x214.jpg\" alt=\"\" width=\"300\" height=\"214\" srcset=\"https:\/\/unsa-administratifs.org\/wp-content\/uploads\/2024\/01\/1706178577476-a989c730-d224-443b-afdb-b9d565e6077f_1-300x214.jpg 300w, https:\/\/unsa-administratifs.org\/wp-content\/uploads\/2024\/01\/1706178577476-a989c730-d224-443b-afdb-b9d565e6077f_1-768x549.jpg 768w, https:\/\/unsa-administratifs.org\/wp-content\/uploads\/2024\/01\/1706178577476-a989c730-d224-443b-afdb-b9d565e6077f_1.jpg 1024w\" sizes=\"auto, (max-width: 300px) 100vw, 300px\" \/><\/p>\n<p style=\"text-align: center;\"><a href=\"https:\/\/unsa-administratifs.org\/wp-content\/uploads\/2024\/01\/UNSA_Tract2024_4.pdf\">\u00a0Flyer adh\u00e9sion 2026<\/a><\/p>\n<h6 style=\"text-align: center;\"><strong><a href=\"https:\/\/unsa-administratifs.org\/wp-content\/uploads\/2025\/11\/Bulletin-d-adhesion-UNSA-ADMINISTRATIFS-2.pdf\">Bulletin d&rsquo;adh\u00e9sion UNSA-ADMINISTRATIFS<\/a><\/strong><\/h6>\n<h5 style=\"text-align: center;\"><a title=\"Adh\u00e9sion 2026 par carte bancaire\" href=\"https:\/\/unsa-administratifs-aviation-civile.assoconnect.com\/collect\/description\/656979-f-bulletin-d-adhesion-a-l-unsa-administratifs-annee-2026\"><strong>Adh\u00e9sion 2026 par carte bancaire<\/strong><\/a><\/h5>\n<p><strong>* Vous trouverez ci-dessous une notice explicative (proc\u00e9dure) pour adh\u00e9rer rapidement par carte bancaire<\/strong> :<\/p>\n<p><a href=\"https:\/\/unsa-administratifs.org\/wp-content\/uploads\/2022\/03\/PROCEDURE-D-ADHESION-ET-DE-PAIEMENT-PAR-CARTE-BANCAIRE-UNSA-ADM-1.pdf\">Proc\u00e9dure d&rsquo;adh\u00e9sion par carte bancaire<\/a><\/p>\n","protected":false},"excerpt":{"rendered":"<p>\u00a0Flyer adh\u00e9sion 2026 Bulletin d&rsquo;adh\u00e9sion UNSA-ADMINISTRATIFS Adh\u00e9sion 2026 par carte bancaire * Vous trouverez ci-dessous une notice explicative (proc\u00e9dure) pour adh\u00e9rer rapidement par carte bancaire : Proc\u00e9dure d&rsquo;adh\u00e9sion par carte bancaire<\/p>\n","protected":false},"author":3,"featured_media":0,"parent":0,"menu_order":0,"comment_status":"closed","ping_status":"closed","template":"","meta":{"footnotes":""},"class_list":["post-1918","page","type-page","status-publish","hentry"],"aioseo_notices":[],"_links":{"self":[{"href":"https:\/\/unsa-administratifs.org\/index.php?rest_route=\/wp\/v2\/pages\/1918","targetHints":{"allow":["GET"]}}],"collection":[{"href":"https:\/\/unsa-administratifs.org\/index.php?rest_route=\/wp\/v2\/pages"}],"about":[{"href":"https:\/\/unsa-administratifs.org\/index.php?rest_route=\/wp\/v2\/types\/page"}],"author":[{"embeddable":true,"href":"https:\/\/unsa-administratifs.org\/index.php?rest_route=\/wp\/v2\/users\/3"}],"replies":[{"embeddable":true,"href":"https:\/\/unsa-administratifs.org\/index.php?rest_route=%2Fwp%2Fv2%2Fcomments&post=1918"}],"version-history":[{"count":36,"href":"https:\/\/unsa-administratifs.org\/index.php?rest_route=\/wp\/v2\/pages\/1918\/revisions"}],"predecessor-version":[{"id":3698,"href":"https:\/\/unsa-administratifs.org\/index.php?rest_route=\/wp\/v2\/pages\/1918\/revisions\/3698"}],"wp:attachment":[{"href":"https:\/\/unsa-administratifs.org\/index.php?rest_route=%2Fwp%2Fv2%2Fmedia&parent=1918"}],"curies":[{"name":"wp","href":"https:\/\/api.w.org\/{rel}","templated":true}]}}