{"id":2052,"date":"2018-11-26T16:28:22","date_gmt":"2018-11-26T15:28:22","guid":{"rendered":"http:\/\/unsa-administratifs.org\/?page_id=2052"},"modified":"2025-09-02T14:31:56","modified_gmt":"2025-09-02T12:31:56","slug":"________bienvenue________","status":"publish","type":"page","link":"https:\/\/unsa-administratifs.org\/?page_id=2052","title":{"rendered":"________BIENVENUE________"},"content":{"rendered":"<h4><img loading=\"lazy\" decoding=\"async\" class=\" wp-image-2485 aligncenter\" src=\"https:\/\/unsa-administratifs.org\/wp-content\/uploads\/2020\/10\/Logo_UNSA_Administratifs-2018-300x128.png\" alt=\"\" width=\"267\" height=\"114\" srcset=\"https:\/\/unsa-administratifs.org\/wp-content\/uploads\/2020\/10\/Logo_UNSA_Administratifs-2018-300x128.png 300w, https:\/\/unsa-administratifs.org\/wp-content\/uploads\/2020\/10\/Logo_UNSA_Administratifs-2018-768x327.png 768w, https:\/\/unsa-administratifs.org\/wp-content\/uploads\/2020\/10\/Logo_UNSA_Administratifs-2018-1536x654.png 1536w, https:\/\/unsa-administratifs.org\/wp-content\/uploads\/2020\/10\/Logo_UNSA_Administratifs-2018-1320x562.png 1320w, https:\/\/unsa-administratifs.org\/wp-content\/uploads\/2020\/10\/Logo_UNSA_Administratifs-2018.png 1595w\" sizes=\"auto, (max-width: 267px) 100vw, 267px\" \/><\/h4>\n<p>&nbsp;<\/p>\n<h4 style=\"text-align: center;\">Bonjour \u00e0 toutes et \u00e0 tous<\/h4>\n<hr \/>\n<p>L\u2019<strong>UNSA-Administratifs<\/strong> est un syndicat <b>autonome, professionnel et apolitique, repr\u00e9sentatif des personnels administratifs de la DGAC et de M\u00e9t\u00e9o-France depuis 2014. <\/b>Au sein de l&rsquo;<strong>UNSA Aviation Civile<\/strong>, l&rsquo;<strong>UNSA-Administratifs<\/strong> fait entendre la voix des personnels C et B.<\/p>\n<p><b>Les adjoints et assistants <\/b>y sont d\u00e9fendus par des adjoints et des assistants concern\u00e9s par leurs pr\u00e9occupations puisqu&rsquo;ils les partagent au quotidien.<\/p>\n<p>Nous sommes repr\u00e9sentatifs \u00e0 tous les niveaux du dialogue social, dans les CAP, et les comit\u00e9s sociaux d&rsquo;administration.<\/p>\n<div>\n<div>\n<p class=\"x_p1\"><span class=\"x_s1\">Les syndicats professionnels sont les grands gagnants des \u00e9lections de d\u00e9cembre 2022 \u00e0 la DGAC et nous pouvons collectivement en \u00eatre fiers ! <\/span><span class=\"x_s1\">L\u2019UNSA Aviation Civile sort donc renforc\u00e9e de de scrutin.<\/span><\/p>\n<h6 class=\"x_p1\" style=\"text-align: center;\"><strong><span class=\"x_s1\">Quelques chiffres :<\/span><\/strong><\/h6>\n<p class=\"x_p1\"><span class=\"x_s1\">&#8211; <\/span><span class=\"x_s1\">l\u2019UNSA-IESSA demeure le syndicat num\u00e9ro 1 pour les IESSA avec, et c\u2019est une premi\u00e8re, plus de 50% des suffrages des IESSA !!!<\/span><\/p>\n<p class=\"x_p1\"><span class=\"x_s1\">&#8211; l\u2019UNSA-ICNA devient le syndicat num\u00e9ro 2 chez les ICNA !!!\u00a0<\/span><\/p>\n<p class=\"x_p1\"><span class=\"x_s1\">&#8211; l\u2019UNSA-UTCAC demeure le num\u00e9ro 1 chez les TSEEAC !!!<\/span><\/p>\n<p class=\"x_p1\"><span class=\"x_s1\">&#8211; Grande victoire : l\u2019UNSA-Administratifs devient num\u00e9ro 1 \u00e0 la CAP de la cat\u00e9gorie B du minist\u00e8re, avec le SEUL et UNIQUE repr\u00e9sentant titulaire issu de la DGAC.<\/span><\/p>\n<p class=\"x_p1\"><span class=\"x_s1\">&#8211; Pour la CAP de la cat\u00e9gorie C, nous avons d\u00e9sormais deux si\u00e8ges au lieu d\u2019un et pour la nouvelle instance du CSA du Service Central de R\u00e9seau (Farman et les SIR) nous avons d\u00e9sormais 4 \u00e9lus (2 titulaires et 2 suppl\u00e9ants)<\/span><\/p>\n<p class=\"x_p1\" style=\"text-align: center;\"><em><strong><span class=\"x_s1\">Au sein de toutes ces instances, nous vous repr\u00e9senterons et vous d\u00e9fendrons avec \u00e9nergie et enthousiasme.<\/span><\/strong><\/em><\/p>\n<p class=\"x_p1\" style=\"text-align: center;\"><span class=\"x_s1\">L\u2019UNSA-Administratifs : \u00ab par des Administratifs, pour des Administratifs ! \u00bb<\/span><\/p>\n<\/div>\n<\/div>\n<hr \/>\n<h3 style=\"text-align: center;\"><a href=\"https:\/\/unsa-administratifs.org\/wp-content\/uploads\/2022\/11\/UNSA-Administratifs-nos-representants.pdf\">\u00ab\u00a0Quelques-uns de nos repr\u00e9sentants\u00a0\u00bb<\/a><\/h3>\n<h3><img loading=\"lazy\" decoding=\"async\" class=\"details-image aligncenter\" draggable=\"false\" src=\"https:\/\/unsa-administratifs.org\/wp-content\/uploads\/2022\/11\/UNSA-Administratifs-nos-representants-2-pdf-764x1081.jpg\" alt=\"\" width=\"529\" height=\"749\" \/><\/h3>\n<p><a href=\"https:\/\/unsa-administratifs.org\/wp-content\/uploads\/2022\/11\/UNSA_Tract_2022_11_18_DGAC.pdf\"><strong>Profession de foi DGAC<\/strong><\/a><strong> \u00a0\u00a0 <a href=\"https:\/\/unsa-administratifs.org\/wp-content\/uploads\/2022\/11\/UNSA_Tract_2022_11_18_MF-1.pdf\">Profession de foi M\u00e9t\u00e9o-France<\/a> \u00a0\u00a0\u00a0 <a href=\"https:\/\/unsa-administratifs.org\/wp-content\/uploads\/2022\/11\/Profession-de-foi-UNSA-Aviation-Civile.pdf\">Profession de foi UNSA A.C <\/a><\/strong><\/p>\n<p style=\"text-align: left;\"><img loading=\"lazy\" decoding=\"async\" class=\"details-image\" draggable=\"false\" src=\"https:\/\/unsa-administratifs.org\/wp-content\/uploads\/2022\/11\/UNSA_Tract_2022_11_18_MF-1-pdf-764x1081.jpg\" alt=\"\" width=\"126\" height=\"178\" \/> \u00a0\u00a0\u00a0\u00a0\u00a0\u00a0\u00a0\u00a0\u00a0\u00a0 \u00a0 \u00a0 \u00a0\u00a0 \u00a0 <img loading=\"lazy\" decoding=\"async\" class=\"details-image\" draggable=\"false\" src=\"https:\/\/unsa-administratifs.org\/wp-content\/uploads\/2022\/11\/UNSA_Tract_2022_11_18_MF-1-pdf-764x1081.jpg\" alt=\"\" width=\"126\" height=\"179\" \/> \u00a0\u00a0\u00a0 \u00a0 \u00a0 \u00a0 \u00a0 \u00a0 \u00a0 \u00a0 \u00a0 \u00a0 \u00a0\u00a0 \u00a0\u00a0 \u00a0 \u00a0 <img loading=\"lazy\" decoding=\"async\" class=\"details-image\" draggable=\"false\" src=\"https:\/\/unsa-administratifs.org\/wp-content\/uploads\/2022\/11\/Profession-de-foi-UNSA-Aviation-Civile-pdf-495x1081.jpg\" alt=\"\" width=\"131\" height=\"286\" \/>\u00a0<strong> \u00a0 <\/strong><\/p>\n<p>&nbsp;<\/p>\n<p style=\"text-align: left;\">\u00a0 <a href=\"https:\/\/unsa-administratifs.org\/wp-content\/uploads\/2022\/11\/Profession-de-foi-pour-la-CAP-des-adjoints.pdf\"><strong>Profession de foi \u00e0 la\u00a0 CAP des adjoints<\/strong><\/a><strong> \u00a0 \u00a0\u00a0 \u00a0 <a href=\"https:\/\/unsa-administratifs.org\/wp-content\/uploads\/2022\/11\/Profession-de-foi-pour-la-CAP-des-assistants.pdf\">Profession de foi pour la CAP des assistants<\/a><\/strong><\/p>\n<p style=\"text-align: left;\">\u00a0 \u00a0 \u00a0 \u00a0 \u00a0 \u00a0\u00a0\u00a0 \u00a0 \u00a0\u00a0 \u00a0 \u00a0 \u00a0 \u00a0 <img loading=\"lazy\" decoding=\"async\" class=\"details-image\" draggable=\"false\" src=\"https:\/\/unsa-administratifs.org\/wp-content\/uploads\/2022\/11\/Profession-de-foi-pour-la-CAP-des-adjoints-pdf-764x1081.jpg\" alt=\"\" width=\"118\" height=\"167\" \/> \u00a0\u00a0\u00a0\u00a0 \u00a0 \u00a0 \u00a0 \u00a0 \u00a0 \u00a0 \u00a0 \u00a0 \u00a0 \u00a0 \u00a0 \u00a0 \u00a0 \u00a0 \u00a0 \u00a0 \u00a0 \u00a0 \u00a0 \u00a0 \u00a0\u00a0 \u00a0\u00a0\u00a0\u00a0\u00a0\u00a0 <img loading=\"lazy\" decoding=\"async\" class=\"details-image\" draggable=\"false\" src=\"https:\/\/unsa-administratifs.org\/wp-content\/uploads\/2022\/11\/Profession-de-foi-pour-la-CAP-des-assistants-pdf-764x1081.jpg\" alt=\"\" width=\"116\" height=\"164\" \/><\/p>\n<h3 style=\"text-align: center;\"><\/h3>\n<h5 style=\"text-align: center;\"><strong>Adjoints et Assistants<\/strong> : pourquoi choisir l&rsquo;<strong>UNS<span style=\"color: #ff0000;\">A<\/span>-Administratifs<\/strong> ?<\/h5>\n<p style=\"text-align: center;\">Pour acc\u00e9der \u00e0 notre derni\u00e8re communication, veuillez cliquer sur le lien ci-dessous :<\/p>\n<h3 style=\"text-align: center;\"><a href=\"https:\/\/unsa-administratifs.org\/wp-content\/uploads\/2022\/11\/Mieux-connaitre-l-UNSA-Administratifs.pdf\">Mieux connaitre l&rsquo;UNSA-Administratifs<\/a><\/h3>\n<hr \/>\n<h6 style=\"text-align: center;\"><strong>Lien Instagram de l&rsquo;UNS<span style=\"color: #ff0000;\">A<\/span>-Administratifs ci-dessous :<\/strong><\/h6>\n<h4 style=\"text-align: center;\"><a title=\"Compte Instagram de l'UNSA-Administratifs\" href=\"https:\/\/instagram.com\/unsa_administratifs?utm_medium=copy_link\">Compte Instagram de l&rsquo;UNSA-Administratifs<\/a><\/h4>\n<hr \/>\n<p style=\"text-align: justify;\"><strong>Notre site internet est d\u00e9di\u00e9 exclusivement aux adjoints et assistants<\/strong> de la <strong>DGAC<\/strong> et de <strong>M\u00e9t\u00e9o-France<\/strong>. Il vous permet d&rsquo;avoir une mine de renseignements :<\/p>\n<ul>\n<li>communiqu\u00e9s ;<\/li>\n<li>courriers ;<\/li>\n<li>grilles indiciaires ;<\/li>\n<li>informations sur la retraite (simulateurs\u2026) ;<\/li>\n<li>niveaux de primes ;<\/li>\n<li>compte rendus de CAP ;<\/li>\n<li>calendriers des concours et r\u00e9sultats&#8230;<\/li>\n<\/ul>\n<p style=\"text-align: justify;\">Nous vous invitons \u00e0 revenir r\u00e9guli\u00e8rement prendre connaissance des nouvelles informations.<\/p>\n<p>Bonne visite&#8230;<\/p>\n<p>Vos coll\u00e8gues du Bureau National de l\u2019UNSA-Administratifs<\/p>\n","protected":false},"excerpt":{"rendered":"<p>&nbsp; Bonjour \u00e0 toutes et \u00e0 tous L\u2019UNSA-Administratifs est un syndicat autonome, professionnel et apolitique, repr\u00e9sentatif des personnels administratifs de la DGAC et de M\u00e9t\u00e9o-France depuis 2014. Au sein de l&rsquo;UNSA Aviation Civile, l&rsquo;UNSA-Administratifs fait entendre la voix des personnels C et B. Les adjoints et assistants y sont d\u00e9fendus par des adjoints et des &hellip; <a href=\"https:\/\/unsa-administratifs.org\/?page_id=2052\" class=\"more-link\">Continuer la lecture de <span class=\"screen-reader-text\">________BIENVENUE________<\/span> <span class=\"meta-nav\">&rarr;<\/span><\/a><\/p>\n","protected":false},"author":3,"featured_media":0,"parent":0,"menu_order":0,"comment_status":"closed","ping_status":"closed","template":"","meta":{"footnotes":""},"class_list":["post-2052","page","type-page","status-publish","hentry"],"aioseo_notices":[],"_links":{"self":[{"href":"https:\/\/unsa-administratifs.org\/index.php?rest_route=\/wp\/v2\/pages\/2052","targetHints":{"allow":["GET"]}}],"collection":[{"href":"https:\/\/unsa-administratifs.org\/index.php?rest_route=\/wp\/v2\/pages"}],"about":[{"href":"https:\/\/unsa-administratifs.org\/index.php?rest_route=\/wp\/v2\/types\/page"}],"author":[{"embeddable":true,"href":"https:\/\/unsa-administratifs.org\/index.php?rest_route=\/wp\/v2\/users\/3"}],"replies":[{"embeddable":true,"href":"https:\/\/unsa-administratifs.org\/index.php?rest_route=%2Fwp%2Fv2%2Fcomments&post=2052"}],"version-history":[{"count":100,"href":"https:\/\/unsa-administratifs.org\/index.php?rest_route=\/wp\/v2\/pages\/2052\/revisions"}],"predecessor-version":[{"id":3611,"href":"https:\/\/unsa-administratifs.org\/index.php?rest_route=\/wp\/v2\/pages\/2052\/revisions\/3611"}],"wp:attachment":[{"href":"https:\/\/unsa-administratifs.org\/index.php?rest_route=%2Fwp%2Fv2%2Fmedia&parent=2052"}],"curies":[{"name":"wp","href":"https:\/\/api.w.org\/{rel}","templated":true}]}}