{"id":3694,"date":"2026-01-14T13:50:39","date_gmt":"2026-01-14T12:50:39","guid":{"rendered":"https:\/\/unsa-administratifs.org\/?page_id=3694"},"modified":"2026-01-14T13:50:39","modified_gmt":"2026-01-14T12:50:39","slug":"frais-de-deplacement","status":"publish","type":"page","link":"https:\/\/unsa-administratifs.org\/?page_id=3694","title":{"rendered":"Frais de d\u00e9placement"},"content":{"rendered":"<p>Transparence totale sur les frais de d\u00e9placement des agents mandat\u00e9s par le bureau national :<\/p>\n<p><a href=\"https:\/\/unsa-administratifs.org\/wp-content\/uploads\/2025\/09\/Lettre_Cadre_BN2025_01.09.2025.pdf\">Lettre de cadrage du bureau national au 1er septembre 2025<\/a><\/p>\n<p><span class=\"value\">Remboursement\u00a0par l&rsquo;administration des frais de d\u00e9placement &#8211; frais de mission :<br \/>\n<\/span><\/p>\n<p><a href=\"https:\/\/unsa-administratifs.org\/wp-content\/uploads\/2024\/01\/joe_20230921_0219_0020.pdf\">Arr\u00eat\u00e9 du 20 septembre 2023 modifiant l&rsquo;arr\u00eat\u00e9 du 3 juillet 2006 fixant le taux des indemnit\u00e9s de mission<\/a><\/p>\n","protected":false},"excerpt":{"rendered":"<p>Transparence totale sur les frais de d\u00e9placement des agents mandat\u00e9s par le bureau national : Lettre de cadrage du bureau national au 1er septembre 2025 Remboursement\u00a0par l&rsquo;administration des frais de d\u00e9placement &#8211; frais de mission : Arr\u00eat\u00e9 du 20 septembre 2023 modifiant l&rsquo;arr\u00eat\u00e9 du 3 juillet 2006 fixant le taux des indemnit\u00e9s de mission<\/p>\n","protected":false},"author":3,"featured_media":0,"parent":0,"menu_order":0,"comment_status":"closed","ping_status":"closed","template":"","meta":{"footnotes":""},"class_list":["post-3694","page","type-page","status-publish","hentry"],"aioseo_notices":[],"_links":{"self":[{"href":"https:\/\/unsa-administratifs.org\/index.php?rest_route=\/wp\/v2\/pages\/3694","targetHints":{"allow":["GET"]}}],"collection":[{"href":"https:\/\/unsa-administratifs.org\/index.php?rest_route=\/wp\/v2\/pages"}],"about":[{"href":"https:\/\/unsa-administratifs.org\/index.php?rest_route=\/wp\/v2\/types\/page"}],"author":[{"embeddable":true,"href":"https:\/\/unsa-administratifs.org\/index.php?rest_route=\/wp\/v2\/users\/3"}],"replies":[{"embeddable":true,"href":"https:\/\/unsa-administratifs.org\/index.php?rest_route=%2Fwp%2Fv2%2Fcomments&post=3694"}],"version-history":[{"count":2,"href":"https:\/\/unsa-administratifs.org\/index.php?rest_route=\/wp\/v2\/pages\/3694\/revisions"}],"predecessor-version":[{"id":3697,"href":"https:\/\/unsa-administratifs.org\/index.php?rest_route=\/wp\/v2\/pages\/3694\/revisions\/3697"}],"wp:attachment":[{"href":"https:\/\/unsa-administratifs.org\/index.php?rest_route=%2Fwp%2Fv2%2Fmedia&parent=3694"}],"curies":[{"name":"wp","href":"https:\/\/api.w.org\/{rel}","templated":true}]}}