{"id":3700,"date":"2026-01-23T10:19:13","date_gmt":"2026-01-23T09:19:13","guid":{"rendered":"https:\/\/unsa-administratifs.org\/?page_id=3700"},"modified":"2026-01-23T11:20:37","modified_gmt":"2026-01-23T10:20:37","slug":"calendrier-paie-pension-2026","status":"publish","type":"page","link":"https:\/\/unsa-administratifs.org\/?page_id=3700","title":{"rendered":"Calendrier payes\/pensions"},"content":{"rendered":"<h4 style=\"text-align: center;\"><span style=\"color: #3366ff;\">Calendrier pr\u00e9visionnel de la mise en paiement des payes et des pensions des agents publics de l\u2019\u00c9tat pour <span style=\"color: #ff0000;\">2026<\/span><\/span><\/h4>\n<h6>Lien pour imprimer votre calendrier : <a href=\"https:\/\/unsa-administratifs.org\/wp-content\/uploads\/2026\/01\/Calendrier-des-payes-et-pensions-2026.pdf\">Calendrier des payes et pensions 2026<\/a><\/h6>\n<p style=\"text-align: left;\">Le calendrier de virement correspond \u00e0 la date pr\u00e9cise \u00e0 laquelle votre compte bancaire sera cr\u00e9dit\u00e9 (date de valeur). La date de valeur est un terme bancaire qui indique la date effective de prise en compte de l&rsquo;\u00e9criture. Cela n&rsquo;appara\u00eet parfois que 24 ou 48 h sur le suivi en ligne de la banque, mais avec une date de valeur correcte.<\/p>\n<table border=\"1\">\n<tbody>\n<tr>\n<td style=\"text-align: center;\"><strong>2026<\/strong><\/td>\n<td style=\"text-align: center;\"><strong>Paye<\/strong><\/td>\n<td style=\"text-align: center;\"><strong>Pension<\/strong><\/td>\n<\/tr>\n<tr>\n<td>Janvier<\/td>\n<td>Mercredi 28<\/td>\n<td>Jeudi 29<\/td>\n<\/tr>\n<tr>\n<td>F\u00e9vrier<\/td>\n<td>Mercredi 25<\/td>\n<td>Jeudi 26<\/td>\n<\/tr>\n<tr>\n<td>Mars<\/td>\n<td>Vendredi 27<\/td>\n<td>Lundi 30<\/td>\n<\/tr>\n<tr>\n<td>Avril<\/td>\n<td>Mardi 28<\/td>\n<td>Mercredi 29<\/td>\n<\/tr>\n<tr>\n<td>Mai<\/td>\n<td>Mardi 27<\/td>\n<td>Jeudi 28<\/td>\n<\/tr>\n<tr>\n<td>Juin<\/td>\n<td>Vendredi 26<\/td>\n<td>Lundi 29<\/td>\n<\/tr>\n<tr>\n<td>Juillet<\/td>\n<td>Mercredi 29<\/td>\n<td>Jeudi 30<\/td>\n<\/tr>\n<tr>\n<td>Ao\u00fbt<\/td>\n<td>Jeudi 27<\/td>\n<td>Vendredi 28<\/td>\n<\/tr>\n<tr>\n<td>Septembre<\/td>\n<td>Lundi 28<\/td>\n<td>Mardi 29<\/td>\n<\/tr>\n<tr>\n<td>Octobre<\/td>\n<td>Mercredi 28<\/td>\n<td>Jeudi 29<\/td>\n<\/tr>\n<tr>\n<td>Novembre<\/td>\n<td>Jeudi 26<\/td>\n<td>Vendredi 27<\/td>\n<\/tr>\n<tr>\n<td>D\u00e9cembre<\/td>\n<td>Mardi 22<\/td>\n<td>Mercredi 23<\/td>\n<\/tr>\n<\/tbody>\n<\/table>\n","protected":false},"excerpt":{"rendered":"<p>Calendrier pr\u00e9visionnel de la mise en paiement des payes et des pensions des agents publics de l\u2019\u00c9tat pour 2026 Lien pour imprimer votre calendrier : Calendrier des payes et pensions 2026 Le calendrier de virement correspond \u00e0 la date pr\u00e9cise \u00e0 laquelle votre compte bancaire sera cr\u00e9dit\u00e9 (date de valeur). La date de valeur est &hellip; <a href=\"https:\/\/unsa-administratifs.org\/?page_id=3700\" class=\"more-link\">Continuer la lecture de <span class=\"screen-reader-text\">Calendrier payes\/pensions<\/span> <span class=\"meta-nav\">&rarr;<\/span><\/a><\/p>\n","protected":false},"author":3,"featured_media":0,"parent":0,"menu_order":0,"comment_status":"closed","ping_status":"closed","template":"","meta":{"footnotes":""},"class_list":["post-3700","page","type-page","status-publish","hentry"],"aioseo_notices":[],"_links":{"self":[{"href":"https:\/\/unsa-administratifs.org\/index.php?rest_route=\/wp\/v2\/pages\/3700","targetHints":{"allow":["GET"]}}],"collection":[{"href":"https:\/\/unsa-administratifs.org\/index.php?rest_route=\/wp\/v2\/pages"}],"about":[{"href":"https:\/\/unsa-administratifs.org\/index.php?rest_route=\/wp\/v2\/types\/page"}],"author":[{"embeddable":true,"href":"https:\/\/unsa-administratifs.org\/index.php?rest_route=\/wp\/v2\/users\/3"}],"replies":[{"embeddable":true,"href":"https:\/\/unsa-administratifs.org\/index.php?rest_route=%2Fwp%2Fv2%2Fcomments&post=3700"}],"version-history":[{"count":8,"href":"https:\/\/unsa-administratifs.org\/index.php?rest_route=\/wp\/v2\/pages\/3700\/revisions"}],"predecessor-version":[{"id":3706,"href":"https:\/\/unsa-administratifs.org\/index.php?rest_route=\/wp\/v2\/pages\/3700\/revisions\/3706"}],"wp:attachment":[{"href":"https:\/\/unsa-administratifs.org\/index.php?rest_route=%2Fwp%2Fv2%2Fmedia&parent=3700"}],"curies":[{"name":"wp","href":"https:\/\/api.w.org\/{rel}","templated":true}]}}